{"id":1700,"date":"2021-03-06T13:20:58","date_gmt":"2021-03-06T12:20:58","guid":{"rendered":"https:\/\/mentalgymbyvicky.com\/pl\/?page_id=1700"},"modified":"2021-03-19T22:30:15","modified_gmt":"2021-03-19T21:30:15","slug":"podcast","status":"publish","type":"page","link":"https:\/\/mentalgymbyvicky.com\/pl\/podcast\/","title":{"rendered":"Podcast"},"content":{"rendered":"\n<p class=\"has-text-align-center has-black-color has-text-color\">PRO Business Mindset<\/p>\n\n\n\n<div class=\"wp-block-image\"><figure class=\"aligncenter size-large\"><img loading=\"lazy\" decoding=\"async\" width=\"1024\" height=\"1024\" src=\"https:\/\/mentalgymbyvicky.com\/wp-content\/uploads\/2021\/03\/cover-pic-1024x1024.png\" alt=\"\" class=\"wp-image-1770\" srcset=\"https:\/\/mentalgymbyvicky.com\/wp-content\/uploads\/2021\/03\/cover-pic-1024x1024.png 1024w, https:\/\/mentalgymbyvicky.com\/wp-content\/uploads\/2021\/03\/cover-pic-300x300.png 300w, https:\/\/mentalgymbyvicky.com\/wp-content\/uploads\/2021\/03\/cover-pic-150x150.png 150w, https:\/\/mentalgymbyvicky.com\/wp-content\/uploads\/2021\/03\/cover-pic-768x768.png 768w, https:\/\/mentalgymbyvicky.com\/wp-content\/uploads\/2021\/03\/cover-pic-1536x1536.png 1536w, https:\/\/mentalgymbyvicky.com\/wp-content\/uploads\/2021\/03\/cover-pic-2048x2048.png 2048w, https:\/\/mentalgymbyvicky.com\/wp-content\/uploads\/2021\/03\/cover-pic-666x666.png 666w\" sizes=\"auto, (max-width: 1024px) 100vw, 1024px\" \/><\/figure><\/div>\n\n\n\n<p><\/p>\n\n\n\n<p class=\"has-drop-cap\"><strong>PRO Business Mindset<\/strong> to podcast prowadzony przez <strong>Kamil\u0119 Bonser<\/strong> &#8211; kontrolera finansowego i business woman oraz <strong>Adriann\u0119 Victori\u0119 Dzietowieck\u0105<\/strong> &#8211; psychologa i przedsi\u0119biorc\u0119. Rozmawiamy o biznesie, psychologii, finansach, szeroko rozumianej przedsi\u0119biorczo\u015bci i naszym do\u015bwiadczeniu zdobytym zagranic\u0105. \u017bycie da\u0142o nam mo\u017cliwo\u015b\u0107 studiowania i pracowania m.in. w USA, Niemczech, Hiszpanii i Francji.&nbsp;<\/p>\n\n\n\n<p class=\"has-text-color\" style=\"color:#045d83\"><strong>Kamila Bonser:&nbsp;<\/strong><\/p>\n\n\n\n<p>kamila.bonser@gmail.com<\/p>\n\n\n\n<p><span style=\"text-decoration: underline;\">www.kamilabonser.com<\/span><\/p>\n\n\n\n<p>@kamila.bonser<\/p>\n\n\n\n<p class=\"has-text-color\" style=\"color:#045d83\"><strong>Adrianna Victoria Dzietowiecka:<\/strong><\/p>\n\n\n\n<p>mgbv.psychology@gmail.com<\/p>\n\n\n\n<p><span style=\"text-decoration: underline;\">www.mentalgymbyvicky.com<\/span><\/p>\n\n\n\n<p>@mentalgymbyvicky<\/p>\n\n\n\n<figure class=\"wp-block-embed is-type-rich is-provider-spotify wp-block-embed-spotify wp-embed-aspect-21-9 wp-has-aspect-ratio\"><div class=\"wp-block-embed__wrapper\">\n<iframe loading=\"lazy\" title=\"Spotify Embed: PRO Business Mindset\" width=\"100%\" height=\"232\" allowtransparency=\"true\" frameborder=\"0\" allow=\"encrypted-media\" src=\"https:\/\/open.spotify.com\/embed-podcast\/show\/0BzIp5O0zf9pbZzfQPjauF\"><\/iframe>\n<\/div><\/figure>\n","protected":false},"excerpt":{"rendered":"<p>PRO Business Mindset PRO Business Mindset to podcast prowadzony przez Kamil\u0119 Bonser &#8211; kontrolera finansowego i business woman oraz Adriann\u0119<\/p>\n<p><a href=\"https:\/\/mentalgymbyvicky.com\/pl\/podcast\/\" class=\"more-link\">Continue reading<span class=\"screen-reader-text\">Podcast<\/span><\/a><\/p>\n","protected":false},"author":1,"featured_media":0,"parent":0,"menu_order":0,"comment_status":"closed","ping_status":"closed","template":"","meta":{"om_disable_all_campaigns":false,"_monsterinsights_skip_tracking":false,"_monsterinsights_sitenote_active":false,"_monsterinsights_sitenote_note":"","_monsterinsights_sitenote_category":0,"footnotes":""},"class_list":["post-1700","page","type-page","status-publish","hentry"],"aioseo_notices":[],"jetpack_sharing_enabled":true,"_links":{"self":[{"href":"https:\/\/mentalgymbyvicky.com\/pl\/wp-json\/wp\/v2\/pages\/1700","targetHints":{"allow":["GET"]}}],"collection":[{"href":"https:\/\/mentalgymbyvicky.com\/pl\/wp-json\/wp\/v2\/pages"}],"about":[{"href":"https:\/\/mentalgymbyvicky.com\/pl\/wp-json\/wp\/v2\/types\/page"}],"author":[{"embeddable":true,"href":"https:\/\/mentalgymbyvicky.com\/pl\/wp-json\/wp\/v2\/users\/1"}],"replies":[{"embeddable":true,"href":"https:\/\/mentalgymbyvicky.com\/pl\/wp-json\/wp\/v2\/comments?post=1700"}],"version-history":[{"count":6,"href":"https:\/\/mentalgymbyvicky.com\/pl\/wp-json\/wp\/v2\/pages\/1700\/revisions"}],"predecessor-version":[{"id":1776,"href":"https:\/\/mentalgymbyvicky.com\/pl\/wp-json\/wp\/v2\/pages\/1700\/revisions\/1776"}],"wp:attachment":[{"href":"https:\/\/mentalgymbyvicky.com\/pl\/wp-json\/wp\/v2\/media?parent=1700"}],"curies":[{"name":"wp","href":"https:\/\/api.w.org\/{rel}","templated":true}]}}