{"id":1417,"date":"2020-01-11T23:24:47","date_gmt":"2020-01-11T22:24:47","guid":{"rendered":"http:\/\/vps572102.ovh.net\/pl\/?page_id=1417"},"modified":"2025-12-08T11:49:00","modified_gmt":"2025-12-08T10:49:00","slug":"about","status":"publish","type":"page","link":"https:\/\/mentalgymbyvicky.com\/pl\/about\/","title":{"rendered":"O mnie"},"content":{"rendered":"\n<div class=\"wp-block-cover alignfull is-light\" style=\"min-height:597px;aspect-ratio:unset;\"><img loading=\"lazy\" decoding=\"async\" width=\"1707\" height=\"2560\" class=\"wp-block-cover__image-background wp-image-1502\" alt=\"\" src=\"http:\/\/vps572102.ovh.net\/wp-content\/uploads\/2020\/01\/DSC0377-2-scaled.jpg\" style=\"object-position:50% 20%\" data-object-fit=\"cover\" data-object-position=\"50% 20%\" srcset=\"https:\/\/mentalgymbyvicky.com\/wp-content\/uploads\/2020\/01\/DSC0377-2-scaled.jpg 1707w, https:\/\/mentalgymbyvicky.com\/wp-content\/uploads\/2020\/01\/DSC0377-2-200x300.jpg 200w, https:\/\/mentalgymbyvicky.com\/wp-content\/uploads\/2020\/01\/DSC0377-2-683x1024.jpg 683w, https:\/\/mentalgymbyvicky.com\/wp-content\/uploads\/2020\/01\/DSC0377-2-768x1152.jpg 768w, https:\/\/mentalgymbyvicky.com\/wp-content\/uploads\/2020\/01\/DSC0377-2-1024x1536.jpg 1024w, https:\/\/mentalgymbyvicky.com\/wp-content\/uploads\/2020\/01\/DSC0377-2-1365x2048.jpg 1365w, https:\/\/mentalgymbyvicky.com\/wp-content\/uploads\/2020\/01\/DSC0377-2-1200x1800.jpg 1200w, https:\/\/mentalgymbyvicky.com\/wp-content\/uploads\/2020\/01\/DSC0377-2-1980x2970.jpg 1980w\" sizes=\"auto, (max-width: 1707px) 100vw, 1707px\" \/><span aria-hidden=\"true\" class=\"wp-block-cover__background has-background-dim-100 has-background-dim\" style=\"background-color:#ffffff\"><\/span><div class=\"wp-block-cover__inner-container is-layout-flow wp-block-cover-is-layout-flow\">\n<div class=\"wp-block-group alignfull has-primary-color has-text-color\"><div class=\"wp-block-group__inner-container is-layout-flow wp-block-group-is-layout-flow\">\n<h3 class=\"wp-block-heading has-text-align-center has-primary-color has-text-color\"><strong>MGR VICTORIA ADRIANNA DZIETOWIECKA<\/strong><\/h3>\n\n\n\n<h4 class=\"wp-block-heading has-text-align-center has-accent-color has-text-color\">Psycholog, certyfikowany Psycholog Sportu, Specjalistka od relacji Cz\u0142owiek \u2013 Pies<\/h4>\n<\/div><\/div>\n<\/div><\/div>\n\n\n\n<figure class=\"wp-block-image size-large is-style-rounded\"><img loading=\"lazy\" decoding=\"async\" width=\"941\" height=\"1024\" src=\"https:\/\/mentalgymbyvicky.com\/wp-content\/uploads\/2025\/08\/vesperr-studio.pl-VictoriaBiznes-4-941x1024.jpg\" alt=\"\" class=\"wp-image-2311\" srcset=\"https:\/\/mentalgymbyvicky.com\/wp-content\/uploads\/2025\/08\/vesperr-studio.pl-VictoriaBiznes-4-941x1024.jpg 941w, https:\/\/mentalgymbyvicky.com\/wp-content\/uploads\/2025\/08\/vesperr-studio.pl-VictoriaBiznes-4-276x300.jpg 276w, https:\/\/mentalgymbyvicky.com\/wp-content\/uploads\/2025\/08\/vesperr-studio.pl-VictoriaBiznes-4-768x836.jpg 768w, https:\/\/mentalgymbyvicky.com\/wp-content\/uploads\/2025\/08\/vesperr-studio.pl-VictoriaBiznes-4-1412x1536.jpg 1412w, https:\/\/mentalgymbyvicky.com\/wp-content\/uploads\/2025\/08\/vesperr-studio.pl-VictoriaBiznes-4-1882x2048.jpg 1882w\" sizes=\"auto, (max-width: 941px) 100vw, 941px\" \/><\/figure>\n\n\n\n<hr class=\"wp-block-separator has-css-opacity\"\/>\n\n\n\n<p class=\"has-drop-cap\">Pomaganie innym od zawsze sprawia\u0142o mi ogromn\u0105 rado\u015b\u0107. Nie bez powodu obra\u0142am tak\u0105 drog\u0119 zawodow\u0105, poniewa\u017c praca, kt\u00f3r\u0105 wykonuj\u0119, jest tak\u017ce moj\u0105 pasj\u0105. Moim celem jest wspieranie ludzi w lepszym rozumieniu siebie, poprawianiu jako\u015bci \u017cycia i budowaniu zasob\u00f3w, kt\u00f3re pomagaj\u0105 radzi\u0107 sobie z codziennymi wyzwaniami. W swojej praktyce \u0142\u0105cz\u0119 wiedz\u0119 psychologiczn\u0105 z do\u015bwiadczeniem w pracy z lud\u017ami i zwierz\u0119tami, aby oferowa\u0107 wsparcie w trzech wzajemnie uzupe\u0142niaj\u0105cych si\u0119 obszarach.<\/p>\n\n\n\n<p>Pierwszym z nich s\u0105 <strong>konsultacje psychologiczne<\/strong>. Pracuj\u0119 z osobami, kt\u00f3re do\u015bwiadczaj\u0105 trudno\u015bci emocjonalnych, przechodz\u0105 kryzysy \u017cyciowe lub po prostu potrzebuj\u0105 rozmowy i profesjonalnej pomocy w uporz\u0105dkowaniu swoich my\u015bli i emocji. Wspieram w radzeniu sobie ze stresem, l\u0119kiem, obni\u017conym nastrojem czy wypaleniem, a tak\u017ce towarzysz\u0119 w procesie budowania poczucia w\u0142asnej warto\u015bci, pewno\u015bci siebie i zdrowych relacji z innymi. Posiadam r\u00f3wnie\u017c specjalizacj\u0119 z psychologii uzale\u017cnie\u0144 oraz do\u015bwiadczenie zawodowe w pracy z osobami uzale\u017cnionymi i wsp\u00f3\u0142uzale\u017cnionymi. Pracowa\u0142am m.in. w o\u015brodku MONAR, na oddziale odwykowym w Szpitalu Psychiatrycznym oraz w Miejskim Zespole Profilaktyki i Terapii Uzale\u017cnie\u0144, co pozwoli\u0142o mi zdoby\u0107 szerok\u0105 praktyk\u0119 i wiedz\u0119 w obszarze terapii uzale\u017cnie\u0144. Moim priorytetem jest stworzenie bezpiecznej przestrzeni, w kt\u00f3rej ka\u017cdy mo\u017ce poczu\u0107 si\u0119 wys\u0142uchany i zrozumiany.<\/p>\n\n\n\n<p>Drugim obszarem jest <strong>psychologia sportu<\/strong>. Wsp\u00f3\u0142pracuj\u0119 z zawodnikami, trenerami i osobami aktywnie uprawiaj\u0105cymi sport, kt\u00f3rym zale\u017cy na poprawie wynik\u00f3w, osi\u0105ganiu wyznaczonych cel\u00f3w i rozwijaniu swojego potencja\u0142u. Pomagam w budowaniu odporno\u015bci psychicznej, motywacji, koncentracji oraz w radzeniu sobie z presj\u0105 startow\u0105 czy stresem zwi\u0105zanym z rywalizacj\u0105. W pracy wykorzystuj\u0119 narz\u0119dzia treningu mentalnego i techniki relaksacyjne, kt\u00f3re wspieraj\u0105 rozw\u00f3j sportowy, a jednocze\u015bnie wp\u0142ywaj\u0105 pozytywnie na inne obszary \u017cycia. Moim celem jest nie tylko pomoc w osi\u0105ganiu sukces\u00f3w, ale tak\u017ce pokazanie, jak sport mo\u017ce by\u0107 \u017ar\u00f3d\u0142em satysfakcji, zdrowia i poczucia spe\u0142nienia.<\/p>\n\n\n\n<p>Trzeci obszar mojej dzia\u0142alno\u015bci to <strong>relacja cz\u0142owiek\u2013pies<\/strong>. Jako psycholog i specjalista w tej dziedzinie pomagam opiekunom lepiej zrozumie\u0107 potrzeby psychiczne i emocjonalne psa, budowa\u0107 \u015bwiadom\u0105 wi\u0119\u017a opart\u0105 na zaufaniu oraz rozwija\u0107 wsp\u00f3\u0142prac\u0119 na co dzie\u0144 i w ramach aktywno\u015bci sportowych. Wspieram zar\u00f3wno osoby, kt\u00f3re chc\u0105 po prostu poprawi\u0107 jako\u015b\u0107 \u017cycia ze swoim pupilem, jak i tych, kt\u00f3rzy razem z psami bior\u0105 udzia\u0142 w dyscyplinach takich jak agility, frisbee, flyball czy obedience. Praca nad relacj\u0105 i komunikacj\u0105 z psem ma ogromne znaczenie nie tylko dla wynik\u00f3w sportowych, ale tak\u017ce dla dobrostanu obu stron \u2013 cz\u0142owieka i zwierz\u0119cia.<\/p>\n\n\n\n<hr class=\"wp-block-separator has-css-opacity\"\/>\n\n\n\n<div class=\"wp-block-group alignfull has-accent-background-color has-background\"><div class=\"wp-block-group__inner-container is-layout-flow wp-block-group-is-layout-flow\">\n<h2 class=\"wp-block-heading has-text-align-center\"><strong>KIM JESTEM?<\/strong><\/h2>\n<\/div><\/div>\n\n\n\n<div style=\"height:30px\" aria-hidden=\"true\" class=\"wp-block-spacer\"><\/div>\n\n\n\n<p>Nazywam si\u0119 Victoria Adrianna Dzietowiecka i jestem dyplomowanym psychologiem z bogatym sta\u017cem akademickim oraz praktycznym do\u015bwiadczeniem w kontakcie z klientem. Moj\u0105 specjalno\u015bci\u0105 jest psychologia sportu i trening mentalny, kt\u00f3ry z powodzeniem przenosz\u0119 tak\u017ce na prac\u0119 z klientem biznesowym, coaching osobisty, mentoring oraz treningi umiej\u0119tno\u015bci personalnych. Praktyka zdobyta w \u015brodowisku mi\u0119dzynarodowym m.in. w Stanach Zjednoczonych i Hiszpanii pozwala mi jeszcze lepiej zrozumie\u0107 r\u00f3\u017cnice kulturowe i specyfik\u0119 ludzkiego funkcjonowania.<\/p>\n\n\n\n<p>Do ka\u017cdego klienta podchodz\u0119 indywidualnie, aby m\u00f3c zrozumie\u0107 jego oczekiwania, a nast\u0119pnie wsp\u00f3lnie okre\u015bli\u0107 cele naszej wsp\u00f3\u0142pracy.<\/p>\n\n\n\n<p>Pracuj\u0119 zar\u00f3wno w j\u0119zyku polskim jak i angielskim.<\/p>\n\n\n\n<ul class=\"wp-block-list\">\n<li>konsultacje psychologiczne<\/li>\n\n\n\n<li>wsparcie w kryzysie<\/li>\n\n\n\n<li>pomoc i wsparcie psychologiczne<\/li>\n\n\n\n<li>psychologia uzale\u017cnie\u0144 i wsp\u00f3\u0142uzale\u017cnienia<\/li>\n\n\n\n<li>psychologia sportu<\/li>\n\n\n\n<li>trening mentalny<\/li>\n\n\n\n<li>psychologia sportu w sporcie z psem<\/li>\n\n\n\n<li>budowanie i poprawa relacji cz\u0142owiek &#8211; pies<\/li>\n\n\n\n<li>psychologia w biznesie<\/li>\n\n\n\n<li>psychologia dzieci i m\u0142odzie\u017cy<\/li>\n\n\n\n<li>psychologia edukacyjna<\/li>\n<\/ul>\n\n\n\n<p>EDUKACJA:<\/p>\n\n\n\n<ul class=\"wp-block-list\">\n<li>(2012 &#8211; 2017) Magister Psychologii &#8211; Uniwersytet Gda\u0144ski<\/li>\n\n\n\n<li>(2019) English Intensive Course &#8211; University of California, Los Angeles<\/li>\n\n\n\n<li>(2019) Psychologia zdrowia i sportu &#8211; Universidad Aut\u00f3noma de Barcelona\u200b<\/li>\n\n\n\n<li>(2021 &#8211; 2022) Studia podyplomowe: Psychologia Sportu &#8211; Uniwersytet Gda\u0144ski<\/li>\n\n\n\n<li>(2025 &#8211; 2026) Studia podyplomowe: Zoopsychologia &#8211; Wy\u017csza Szko\u0142a Kszta\u0142cenia Zawodowego<\/li>\n<\/ul>\n\n\n\n<p>SZKOLENIA I KURSY:<\/p>\n\n\n\n<ul class=\"wp-block-list\">\n<li>(2025) Seminarium: <strong>Wspomaganie terapii<\/strong> <strong>zaburze\u0144 behawioralnych ps\u00f3w i kot\u00f3w<\/strong> &#8211; PAZiA<\/li>\n\n\n\n<li>(2025) Seminarium: <strong>Praca z psem schroniskowym<\/strong> <strong>i rola behawiorysty w schronisku<\/strong> &#8211; PAZiA<\/li>\n\n\n\n<li>(2025) Seminarium: <strong>Emocje cz\u0142owieka<\/strong> <strong>w \u017cyciu ps\u00f3w i kot\u00f3w \u2013 okiem psychologa<\/strong> &#8211; PAZiA<\/li>\n\n\n\n<li>(2025) Seminarium: <strong>Nosework<\/strong> <strong>w budowaniu pewno\u015bci siebie u psa<\/strong> &#8211; PAZiA<\/li>\n\n\n\n<li>(2025) Seminarium: Zesp\u00f3\u0142 zaburze\u0144 separacyjnych u ps\u00f3w w pigu\u0142ce &#8211; PAZiA<\/li>\n\n\n\n<li>(2025) Seminarium: DogFitness &#8211; \u0107wiczenia wzmacniaj\u0105ce core &#8211; PAZiA<\/li>\n\n\n\n<li>(2024) Obsesja na przedmiot w uj\u0119ciu sportowo-behawioralnym<\/li>\n\n\n\n<li>(2024) Zdrowie psychiczne dzieci, m\u0142odzie\u017cy i doros\u0142ych. Skuteczne wsparcie w kryzysie.<\/li>\n\n\n\n<li>(2023) Sports Tomorrow Congress 2023 &#8211; Barca Innovation Hub<\/li>\n\n\n\n<li>(2023) Pierwsze spotkanie z pacjentem &#8211; jak dobrze przeprowadzi\u0107 konsultacj\u0119?<\/li>\n\n\n\n<li>(2020) <strong>Going Digital: Online Consulting for Mental Performance<\/strong> &#8211; Association for Applied Sport Psychology<\/li>\n\n\n\n<li>(2020) <strong>Tools for Professionals in Sport During BLM &#038; COVID<\/strong> &#8211; Association for Applied Sport Psychology<\/li>\n\n\n\n<li>(2020) <strong>Why, What, When, and How: Using Technology in Applied Sport Psychology Practice<\/strong> &#8211; Association for Applied Sport Psychology<\/li>\n\n\n\n<li>(2020) Psychologia odprawy taktycznej \u2013 zak\u0105tki szatni<\/li>\n<\/ul>\n\n\n\n<p><\/p>\n","protected":false},"excerpt":{"rendered":"<p>Pomaganie innym od zawsze sprawia\u0142o mi ogromn\u0105 rado\u015b\u0107. Nie bez powodu obra\u0142am tak\u0105 drog\u0119 zawodow\u0105, poniewa\u017c praca, kt\u00f3r\u0105 wykonuj\u0119, jest<\/p>\n<p><a href=\"https:\/\/mentalgymbyvicky.com\/pl\/about\/\" class=\"more-link\">Continue reading<span class=\"screen-reader-text\">O mnie<\/span><\/a><\/p>\n","protected":false},"author":1,"featured_media":0,"parent":0,"menu_order":0,"comment_status":"closed","ping_status":"closed","template":"","meta":{"om_disable_all_campaigns":false,"_monsterinsights_skip_tracking":false,"_monsterinsights_sitenote_active":false,"_monsterinsights_sitenote_note":"","_monsterinsights_sitenote_category":0,"footnotes":""},"class_list":["post-1417","page","type-page","status-publish","hentry"],"aioseo_notices":[],"jetpack_sharing_enabled":true,"_links":{"self":[{"href":"https:\/\/mentalgymbyvicky.com\/pl\/wp-json\/wp\/v2\/pages\/1417","targetHints":{"allow":["GET"]}}],"collection":[{"href":"https:\/\/mentalgymbyvicky.com\/pl\/wp-json\/wp\/v2\/pages"}],"about":[{"href":"https:\/\/mentalgymbyvicky.com\/pl\/wp-json\/wp\/v2\/types\/page"}],"author":[{"embeddable":true,"href":"https:\/\/mentalgymbyvicky.com\/pl\/wp-json\/wp\/v2\/users\/1"}],"replies":[{"embeddable":true,"href":"https:\/\/mentalgymbyvicky.com\/pl\/wp-json\/wp\/v2\/comments?post=1417"}],"version-history":[{"count":52,"href":"https:\/\/mentalgymbyvicky.com\/pl\/wp-json\/wp\/v2\/pages\/1417\/revisions"}],"predecessor-version":[{"id":2478,"href":"https:\/\/mentalgymbyvicky.com\/pl\/wp-json\/wp\/v2\/pages\/1417\/revisions\/2478"}],"wp:attachment":[{"href":"https:\/\/mentalgymbyvicky.com\/pl\/wp-json\/wp\/v2\/media?parent=1417"}],"curies":[{"name":"wp","href":"https:\/\/api.w.org\/{rel}","templated":true}]}}